{"id":436,"date":"2023-03-10T13:06:46","date_gmt":"2023-03-10T12:06:46","guid":{"rendered":"https:\/\/swissbars-anna.ch\/?page_id=436"},"modified":"2023-10-29T09:55:05","modified_gmt":"2023-10-29T08:55:05","slug":"impresszum","status":"publish","type":"page","link":"https:\/\/swissbars-anna.ch\/de\/impresszum\/","title":{"rendered":"Impressum"},"content":{"rendered":"<div data-elementor-type=\"wp-page\" data-elementor-id=\"436\" class=\"elementor elementor-436\" data-elementor-post-type=\"page\">\n\t\t\t\t<div class=\"elementor-element elementor-element-19954e47 e-flex e-con-boxed e-con e-parent\" data-id=\"19954e47\" data-element_type=\"container\" data-settings=\"{&quot;background_background&quot;:&quot;classic&quot;}\">\n\t\t\t\t\t<div class=\"e-con-inner\">\n\t\t<div class=\"elementor-element elementor-element-65670e8f e-con-full e-flex e-con e-child\" data-id=\"65670e8f\" data-element_type=\"container\" data-settings=\"{&quot;background_background&quot;:&quot;classic&quot;}\">\n\t\t\t\t<\/div>\n\t\t\t\t\t<\/div>\n\t\t\t\t<\/div>\n\t\t<div class=\"elementor-element elementor-element-7c365b7 e-flex e-con-boxed e-con e-parent\" data-id=\"7c365b7\" data-element_type=\"container\">\n\t\t\t\t\t<div class=\"e-con-inner\">\n\t\t<div class=\"elementor-element elementor-element-456157f e-con-full e-flex e-con e-child\" data-id=\"456157f\" data-element_type=\"container\" data-settings=\"{&quot;background_background&quot;:&quot;classic&quot;}\">\n\t\t<div class=\"elementor-element elementor-element-1a34c5a e-flex e-con-boxed e-con e-child\" data-id=\"1a34c5a\" data-element_type=\"container\" data-settings=\"{&quot;background_background&quot;:&quot;classic&quot;}\">\n\t\t\t\t\t<div class=\"e-con-inner\">\n\t\t\t\t<div class=\"elementor-element elementor-element-c12ea71 elementor-widget elementor-widget-text-editor\" data-id=\"c12ea71\" data-element_type=\"widget\" data-widget_type=\"text-editor.default\">\n\t\t\t\t<div class=\"elementor-widget-container\">\n\t\t\t\t\t\t\t\t\t<p>Dr. Sarah Albrecht, Lindenstra\u00dfe 507, 10555 Berlin<br \/>+49 (0) 456 7890<br \/>info@website.com<br \/>www.website.de<br \/>Vertretungsberechtigte*r Gesch\u00e4ftsf\u00fchrer*in: Dr. Sarah Albrecht<br \/>Wenn vorhanden: USt-IdNr., z. B. DE 123456789<\/p><p>Registernummer:\u00a0HRB 0123<br \/>Registergericht:\u00a0Handelsregister Berlin<\/p><p>Dies ist ein Impressum. Ein Impressum ist gesetzlich vorgeschrieben. Diese Vorlage enth\u00e4lt Beispieltexte, ist nicht vollst\u00e4ndig und kann nicht ver\u00f6ffentlicht werden. Impressum-Angaben variieren je nach Website- und Unternehmensart \u2013 z. B. Einzelunternehmen, GbR, GmbH, Redaktion u.a. Wir empfehlen Ihnen daher, juristischen Rat einzuholen, um besser zu verstehen, welche Details Ihr Impressum beinhalten muss.<\/p>\t\t\t\t\t\t\t\t<\/div>\n\t\t\t\t<\/div>\n\t\t\t\t\t<\/div>\n\t\t\t\t<\/div>\n\t\t\t\t<\/div>\n\t\t\t\t\t<\/div>\n\t\t\t\t<\/div>\n\t\t\t\t<\/div>","protected":false},"excerpt":{"rendered":"<p>Dr. Sarah Albrecht, Lindenstra\u00dfe 507, 10555 Berlin +49 (0) 456 7890 info@website.com www.website.de Vertretungsberechtigte*r Gesch\u00e4ftsf\u00fchrer*in: Dr. Sarah Albrecht Wenn vorhanden: USt-IdNr., z. B. DE 123456789 Registernummer:\u00a0HRB 0123 Registergericht:\u00a0Handelsregister Berlin Dies ist ein Impressum. Ein Impressum ist gesetzlich vorgeschrieben. Diese Vorlage enth\u00e4lt Beispieltexte, ist nicht vollst\u00e4ndig und kann nicht ver\u00f6ffentlicht werden. Impressum-Angaben variieren je nach Website- &#8230; <a title=\"Impressum\" class=\"read-more\" href=\"https:\/\/swissbars-anna.ch\/de\/impresszum\/\" aria-label=\"Mehr Informationen \u00fcber Impresszum\">Weiterlesen<\/a><\/p>","protected":false},"author":1,"featured_media":4113,"parent":0,"menu_order":0,"comment_status":"closed","ping_status":"closed","template":"","meta":{"footnotes":""},"class_list":["post-436","page","type-page","status-publish","has-post-thumbnail"],"yoast_head":"<!-- This site is optimized with the Yoast SEO Premium plugin v25.3 (Yoast SEO v25.3.1) - https:\/\/yoast.com\/wordpress\/plugins\/seo\/ -->\n<title>Impresszum - Swissbars-Anna<\/title>\n<meta name=\"description\" content=\"Impresszum - Swissbars-Anna\" \/>\n<meta name=\"robots\" content=\"noindex, nofollow\" \/>\n<meta property=\"og:locale\" content=\"de_DE\" \/>\n<meta property=\"og:type\" content=\"article\" \/>\n<meta property=\"og:title\" content=\"Impresszum - Swissbars-Anna\" \/>\n<meta property=\"og:description\" content=\"Impresszum - Swissbars-Anna\" \/>\n<meta property=\"og:url\" content=\"https:\/\/swissbars-anna.ch\/de\/impresszum\/\" \/>\n<meta property=\"og:site_name\" content=\"Swissbars-Anna\" \/>\n<meta property=\"article:modified_time\" content=\"2023-10-29T08:55:05+00:00\" \/>\n<meta property=\"og:image\" content=\"https:\/\/swissbars-anna.ch\/wp-content\/uploads\/2023\/10\/fb_og_anna_bozo_1200x630_01.webp\" \/>\n\t<meta property=\"og:image:width\" content=\"1200\" \/>\n\t<meta property=\"og:image:height\" content=\"630\" \/>\n\t<meta property=\"og:image:type\" content=\"image\/webp\" \/>\n<meta name=\"twitter:card\" content=\"summary_large_image\" \/>\n<meta name=\"twitter:title\" content=\"Impresszum\" \/>\n<meta name=\"twitter:description\" content=\"Swissbars-Anna Impresszum\" \/>\n<meta name=\"twitter:label1\" content=\"Gesch\u00e4tzte Lesezeit\" \/>\n\t<meta name=\"twitter:data1\" content=\"1\u00a0Minute\" \/>\n<script type=\"application\/ld+json\" class=\"yoast-schema-graph\">{\"@context\":\"https:\/\/schema.org\",\"@graph\":[{\"@type\":\"WebPage\",\"@id\":\"https:\/\/swissbars-anna.ch\/impresszum\/\",\"url\":\"https:\/\/swissbars-anna.ch\/impresszum\/\",\"name\":\"Impresszum - Swissbars-Anna\",\"isPartOf\":{\"@id\":\"https:\/\/swissbars-anna.ch\/#website\"},\"primaryImageOfPage\":{\"@id\":\"https:\/\/swissbars-anna.ch\/impresszum\/#primaryimage\"},\"image\":{\"@id\":\"https:\/\/swissbars-anna.ch\/impresszum\/#primaryimage\"},\"thumbnailUrl\":\"https:\/\/swissbars-anna.ch\/wp-content\/uploads\/2023\/10\/fb_og_anna_bozo_1200x630_01.webp\",\"datePublished\":\"2023-03-10T12:06:46+00:00\",\"dateModified\":\"2023-10-29T08:55:05+00:00\",\"description\":\"Impresszum - Swissbars-Anna\",\"breadcrumb\":{\"@id\":\"https:\/\/swissbars-anna.ch\/impresszum\/#breadcrumb\"},\"inLanguage\":\"de\",\"potentialAction\":[{\"@type\":\"ReadAction\",\"target\":[\"https:\/\/swissbars-anna.ch\/impresszum\/\"]}]},{\"@type\":\"ImageObject\",\"inLanguage\":\"de\",\"@id\":\"https:\/\/swissbars-anna.ch\/impresszum\/#primaryimage\",\"url\":\"https:\/\/swissbars-anna.ch\/wp-content\/uploads\/2023\/10\/fb_og_anna_bozo_1200x630_01.webp\",\"contentUrl\":\"https:\/\/swissbars-anna.ch\/wp-content\/uploads\/2023\/10\/fb_og_anna_bozo_1200x630_01.webp\",\"width\":1200,\"height\":630},{\"@type\":\"BreadcrumbList\",\"@id\":\"https:\/\/swissbars-anna.ch\/impresszum\/#breadcrumb\",\"itemListElement\":[{\"@type\":\"ListItem\",\"position\":1,\"name\":\"Home\",\"item\":\"https:\/\/swissbars-anna.ch\/\"},{\"@type\":\"ListItem\",\"position\":2,\"name\":\"Impresszum\"}]},{\"@type\":\"WebSite\",\"@id\":\"https:\/\/swissbars-anna.ch\/#website\",\"url\":\"https:\/\/swissbars-anna.ch\/\",\"name\":\"Swissbars-Anna\",\"description\":\"swissbars-anna.ch\",\"potentialAction\":[{\"@type\":\"SearchAction\",\"target\":{\"@type\":\"EntryPoint\",\"urlTemplate\":\"https:\/\/swissbars-anna.ch\/?s={search_term_string}\"},\"query-input\":{\"@type\":\"PropertyValueSpecification\",\"valueRequired\":true,\"valueName\":\"search_term_string\"}}],\"inLanguage\":\"de\"}]}<\/script>\n<!-- \/ Yoast SEO Premium plugin. -->","yoast_head_json":{"title":"Impresszum - Swissbars-Anna","description":"Impresszum - Swissbars-Anna","robots":{"index":"noindex","follow":"nofollow"},"og_locale":"de_DE","og_type":"article","og_title":"Impresszum - Swissbars-Anna","og_description":"Impresszum - Swissbars-Anna","og_url":"https:\/\/swissbars-anna.ch\/de\/impresszum\/","og_site_name":"Swissbars-Anna","article_modified_time":"2023-10-29T08:55:05+00:00","og_image":[{"width":1200,"height":630,"url":"https:\/\/swissbars-anna.ch\/wp-content\/uploads\/2023\/10\/fb_og_anna_bozo_1200x630_01.webp","type":"image\/webp"}],"twitter_card":"summary_large_image","twitter_title":"Impresszum","twitter_description":"Swissbars-Anna Impresszum","twitter_misc":{"Gesch\u00e4tzte Lesezeit":"1\u00a0Minute"},"schema":{"@context":"https:\/\/schema.org","@graph":[{"@type":"WebPage","@id":"https:\/\/swissbars-anna.ch\/impresszum\/","url":"https:\/\/swissbars-anna.ch\/impresszum\/","name":"Impresszum - Swissbars-Anna","isPartOf":{"@id":"https:\/\/swissbars-anna.ch\/#website"},"primaryImageOfPage":{"@id":"https:\/\/swissbars-anna.ch\/impresszum\/#primaryimage"},"image":{"@id":"https:\/\/swissbars-anna.ch\/impresszum\/#primaryimage"},"thumbnailUrl":"https:\/\/swissbars-anna.ch\/wp-content\/uploads\/2023\/10\/fb_og_anna_bozo_1200x630_01.webp","datePublished":"2023-03-10T12:06:46+00:00","dateModified":"2023-10-29T08:55:05+00:00","description":"Impresszum - Swissbars-Anna","breadcrumb":{"@id":"https:\/\/swissbars-anna.ch\/impresszum\/#breadcrumb"},"inLanguage":"de","potentialAction":[{"@type":"ReadAction","target":["https:\/\/swissbars-anna.ch\/impresszum\/"]}]},{"@type":"ImageObject","inLanguage":"de","@id":"https:\/\/swissbars-anna.ch\/impresszum\/#primaryimage","url":"https:\/\/swissbars-anna.ch\/wp-content\/uploads\/2023\/10\/fb_og_anna_bozo_1200x630_01.webp","contentUrl":"https:\/\/swissbars-anna.ch\/wp-content\/uploads\/2023\/10\/fb_og_anna_bozo_1200x630_01.webp","width":1200,"height":630},{"@type":"BreadcrumbList","@id":"https:\/\/swissbars-anna.ch\/impresszum\/#breadcrumb","itemListElement":[{"@type":"ListItem","position":1,"name":"Home","item":"https:\/\/swissbars-anna.ch\/"},{"@type":"ListItem","position":2,"name":"Impresszum"}]},{"@type":"WebSite","@id":"https:\/\/swissbars-anna.ch\/#website","url":"https:\/\/swissbars-anna.ch\/","name":"Swissbars-Anna","description":"swissbars-anna.ch","potentialAction":[{"@type":"SearchAction","target":{"@type":"EntryPoint","urlTemplate":"https:\/\/swissbars-anna.ch\/?s={search_term_string}"},"query-input":{"@type":"PropertyValueSpecification","valueRequired":true,"valueName":"search_term_string"}}],"inLanguage":"de"}]}},"_links":{"self":[{"href":"https:\/\/swissbars-anna.ch\/de\/wp-json\/wp\/v2\/pages\/436","targetHints":{"allow":["GET"]}}],"collection":[{"href":"https:\/\/swissbars-anna.ch\/de\/wp-json\/wp\/v2\/pages"}],"about":[{"href":"https:\/\/swissbars-anna.ch\/de\/wp-json\/wp\/v2\/types\/page"}],"author":[{"embeddable":true,"href":"https:\/\/swissbars-anna.ch\/de\/wp-json\/wp\/v2\/users\/1"}],"replies":[{"embeddable":true,"href":"https:\/\/swissbars-anna.ch\/de\/wp-json\/wp\/v2\/comments?post=436"}],"version-history":[{"count":0,"href":"https:\/\/swissbars-anna.ch\/de\/wp-json\/wp\/v2\/pages\/436\/revisions"}],"wp:featuredmedia":[{"embeddable":true,"href":"https:\/\/swissbars-anna.ch\/de\/wp-json\/wp\/v2\/media\/4113"}],"wp:attachment":[{"href":"https:\/\/swissbars-anna.ch\/de\/wp-json\/wp\/v2\/media?parent=436"}],"curies":[{"name":"wp","href":"https:\/\/api.w.org\/{rel}","templated":true}]}}